{"id":325,"date":"2024-05-27T10:01:06","date_gmt":"2024-05-27T10:01:06","guid":{"rendered":"http:\/\/source.wpopal.com\/pharmo\/contact-us\/"},"modified":"2024-11-21T09:53:05","modified_gmt":"2024-11-21T09:53:05","slug":"contactanos","status":"publish","type":"page","link":"https:\/\/www.farmapain.es\/index.php\/contactanos\/","title":{"rendered":"Cont\u00e1ctanos"},"content":{"rendered":"\t\t<div data-elementor-type=\"wp-page\" data-elementor-id=\"325\" class=\"elementor elementor-325\" data-elementor-post-type=\"page\">\n\t\t\t\t<div class=\"elementor-element elementor-element-9ae903c e-con-full e-flex e-con e-parent\" data-id=\"9ae903c\" data-element_type=\"container\" data-e-type=\"container\">\n\t\t<div class=\"elementor-element elementor-element-84d3115 e-con-full e-flex e-con e-child\" data-id=\"84d3115\" data-element_type=\"container\" data-e-type=\"container\">\n\t\t\t\t<div class=\"elementor-element elementor-element-cd73dfd elementor-widget elementor-widget-heading\" data-id=\"cd73dfd\" data-element_type=\"widget\" data-e-type=\"widget\" data-widget_type=\"heading.default\">\n\t\t\t\t<div class=\"elementor-widget-container\">\n\t\t\t\t\t<h2 class=\"elementor-heading-title elementor-size-default\">Cont\u00e1ctenos<\/h2>\t\t\t\t<\/div>\n\t\t\t\t<\/div>\n\t\t\t\t<div class=\"elementor-element elementor-element-1d65456 elementor-widget elementor-widget-text-editor\" data-id=\"1d65456\" data-element_type=\"widget\" data-e-type=\"widget\" data-widget_type=\"text-editor.default\">\n\t\t\t\t<div class=\"elementor-widget-container\">\n\t\t\t\t\t\t\t\t\t<p>Los campos obligatorios est\u00e1n marcados con *<\/p>\t\t\t\t\t\t\t\t<\/div>\n\t\t\t\t<\/div>\n\t\t\t\t<div class=\"elementor-element elementor-element-db05063 elementor-widget elementor-widget-pharmo-contactform\" data-id=\"db05063\" data-element_type=\"widget\" data-e-type=\"widget\" data-widget_type=\"pharmo-contactform.default\">\n\t\t\t\t<div class=\"elementor-widget-container\">\n\t\t\t\t\t\n<div class=\"wpcf7 no-js\" id=\"wpcf7-f106-o1\" lang=\"es-ES\" dir=\"ltr\" data-wpcf7-id=\"106\">\n<div class=\"screen-reader-response\"><p role=\"status\" aria-live=\"polite\" aria-atomic=\"true\"><\/p> <ul><\/ul><\/div>\n<form action=\"\/index.php\/wp-json\/wp\/v2\/pages\/325#wpcf7-f106-o1\" method=\"post\" class=\"wpcf7-form init wpb_gqb_form_product_info_hide\" aria-label=\"Formulario de contacto\" novalidate=\"novalidate\" data-status=\"init\">\n<fieldset class=\"hidden-fields-container\"><input type=\"hidden\" name=\"_wpcf7\" value=\"106\" \/><input type=\"hidden\" name=\"_wpcf7_version\" value=\"6.1.5\" \/><input type=\"hidden\" name=\"_wpcf7_locale\" value=\"es_ES\" \/><input type=\"hidden\" name=\"_wpcf7_unit_tag\" value=\"wpcf7-f106-o1\" \/><input type=\"hidden\" name=\"_wpcf7_container_post\" value=\"0\" \/><input type=\"hidden\" name=\"_wpcf7_posted_data_hash\" value=\"\" \/>\n<\/fieldset>\n<p><label> Tu nombre*<br \/>\n<span class=\"wpcf7-form-control-wrap\" data-name=\"your-name\"><input size=\"40\" maxlength=\"400\" class=\"wpcf7-form-control wpcf7-text wpcf7-validates-as-required\" autocomplete=\"name\" aria-required=\"true\" aria-invalid=\"false\" value=\"\" type=\"text\" name=\"your-name\" \/><\/span> <\/label>\n<\/p>\n<p><label> Tu correo electr\u00f3nico*<br \/>\n<span class=\"wpcf7-form-control-wrap\" data-name=\"your-email\"><input size=\"40\" maxlength=\"400\" class=\"wpcf7-form-control wpcf7-email wpcf7-validates-as-required wpcf7-text wpcf7-validates-as-email\" autocomplete=\"email\" aria-required=\"true\" aria-invalid=\"false\" value=\"\" type=\"email\" name=\"your-email\" \/><\/span> <\/label>\n<\/p>\n<p><label> Asunto*<br \/>\n<span class=\"wpcf7-form-control-wrap\" data-name=\"your-subject\"><input size=\"40\" maxlength=\"400\" class=\"wpcf7-form-control wpcf7-text wpcf7-validates-as-required\" aria-required=\"true\" aria-invalid=\"false\" value=\"\" type=\"text\" name=\"your-subject\" \/><\/span> <\/label>\n<\/p>\n<p><label> Tu mensaje (opcional)<br \/>\n<span class=\"wpcf7-form-control-wrap\" data-name=\"your-message\"><textarea cols=\"40\" rows=\"10\" maxlength=\"2000\" class=\"wpcf7-form-control wpcf7-textarea\" aria-invalid=\"false\" name=\"your-message\"><\/textarea><\/span> <\/label>\n<\/p>\n<p><input class=\"wpcf7-form-control wpcf7-submit has-spinner\" type=\"submit\" value=\"Enviar\" \/>\n<\/p><p style=\"display: none !important;\" class=\"akismet-fields-container\" data-prefix=\"_wpcf7_ak_\"><label>&#916;<textarea name=\"_wpcf7_ak_hp_textarea\" cols=\"45\" rows=\"8\" maxlength=\"100\"><\/textarea><\/label><input type=\"hidden\" id=\"ak_js_1\" name=\"_wpcf7_ak_js\" value=\"4\"\/><script>\ndocument.getElementById( \"ak_js_1\" ).setAttribute( \"value\", ( new Date() ).getTime() );\n<\/script>\n<\/p><div class=\"wpcf7-response-output\" aria-hidden=\"true\"><\/div>\n<\/form>\n<\/div>\n\t\t\t\t<\/div>\n\t\t\t\t<\/div>\n\t\t\t\t<\/div>\n\t\t<div class=\"elementor-element elementor-element-e8b1f03 e-con-full e-flex e-con e-child\" data-id=\"e8b1f03\" data-element_type=\"container\" data-e-type=\"container\">\n\t\t\t\t<div class=\"elementor-element elementor-element-24efed7 elementor-view-framed elementor-position-inline-start elementor-mobile-position-inline-start elementor-shape-circle elementor-widget elementor-widget-icon-box\" data-id=\"24efed7\" data-element_type=\"widget\" data-e-type=\"widget\" data-widget_type=\"icon-box.default\">\n\t\t\t\t<div class=\"elementor-widget-container\">\n\t\t\t\t\t\t\t<div class=\"elementor-icon-box-wrapper\">\n\n\t\t\t\t\t\t<div class=\"elementor-icon-box-icon\">\n\t\t\t\t<span  class=\"elementor-icon\">\n\t\t\t\t<svg xmlns=\"http:\/\/www.w3.org\/2000\/svg\" width=\"24\" height=\"24\" viewBox=\"0 0 24 24\" fill=\"none\"><g clip-path=\"url(#clip0_300_15078)\"><path d=\"M3 5H21V17C21 18.1046 20.1046 19 19 19H5C3.89543 19 3 18.1046 3 17V5Z\" stroke=\"#1364FF\" stroke-width=\"2\" stroke-linecap=\"round\" stroke-linejoin=\"round\"><\/path><path d=\"M3 5L12 14L21 5\" stroke=\"#1364FF\" stroke-width=\"2\" stroke-linecap=\"round\" stroke-linejoin=\"round\"><\/path><\/g><defs><clipPath id=\"clip0_300_15078\"><rect width=\"24\" height=\"24\" fill=\"white\"><\/rect><\/clipPath><\/defs><\/svg>\t\t\t\t<\/span>\n\t\t\t<\/div>\n\t\t\t\n\t\t\t\t\t\t<div class=\"elementor-icon-box-content\">\n\n\t\t\t\t\t\t\t\t\t<h3 class=\"elementor-icon-box-title\">\n\t\t\t\t\t\t<span  >\n\t\t\t\t\t\t\tContacto\t\t\t\t\t\t<\/span>\n\t\t\t\t\t<\/h3>\n\t\t\t\t\n\t\t\t\t\t\t\t\t\t<p class=\"elementor-icon-box-description\">\n\t\t\t\t\t\tTel\u00e9fonos :<br><span style=\"color: #1364FF\">Aurelio Fern\u00e1ndez +34 684736668<\/span>\n<br>\nEmail: <br><span style=\"color: #1364FF\">pedidos@farmapain.es<\/span>\t\t\t\t\t<\/p>\n\t\t\t\t\n\t\t\t<\/div>\n\t\t\t\n\t\t<\/div>\n\t\t\t\t\t\t<\/div>\n\t\t\t\t<\/div>\n\t\t\t\t<div class=\"elementor-element elementor-element-00d0b5b elementor-view-framed elementor-position-inline-start elementor-mobile-position-inline-start elementor-shape-circle elementor-widget elementor-widget-icon-box\" data-id=\"00d0b5b\" data-element_type=\"widget\" data-e-type=\"widget\" data-widget_type=\"icon-box.default\">\n\t\t\t\t<div class=\"elementor-widget-container\">\n\t\t\t\t\t\t\t<div class=\"elementor-icon-box-wrapper\">\n\n\t\t\t\t\t\t<div class=\"elementor-icon-box-icon\">\n\t\t\t\t<span  class=\"elementor-icon\">\n\t\t\t\t<svg xmlns=\"http:\/\/www.w3.org\/2000\/svg\" width=\"24\" height=\"24\" viewBox=\"0 0 24 24\" fill=\"none\"><path d=\"M12 22C6.47715 22 2 17.5228 2 12C2 6.47715 6.47715 2 12 2C17.5228 2 22 6.47715 22 12C22 17.5228 17.5228 22 12 22ZM12 20C16.4183 20 20 16.4183 20 12C20 7.58172 16.4183 4 12 4C7.58172 4 4 7.58172 4 12C4 16.4183 7.58172 20 12 20ZM13 12H17V14H11V7H13V12Z\" fill=\"#1364FF\"><\/path><\/svg>\t\t\t\t<\/span>\n\t\t\t<\/div>\n\t\t\t\n\t\t\t\t\t\t<div class=\"elementor-icon-box-content\">\n\n\t\t\t\t\t\t\t\t\t<h3 class=\"elementor-icon-box-title\">\n\t\t\t\t\t\t<span  >\n\t\t\t\t\t\t\tHorario\t\t\t\t\t\t<\/span>\n\t\t\t\t\t<\/h3>\n\t\t\t\t\n\t\t\t\t\t\t\t\t\t<p class=\"elementor-icon-box-description\">\n\t\t\t\t\t\tLunes a jueves : 9.00 am - 8.00 pm\n<br>\nViernes: 9.00 am - 2.00 pm\t\t\t\t\t<\/p>\n\t\t\t\t\n\t\t\t<\/div>\n\t\t\t\n\t\t<\/div>\n\t\t\t\t\t\t<\/div>\n\t\t\t\t<\/div>\n\t\t\t\t<div class=\"elementor-element elementor-element-b5ffe23 elementor-view-framed elementor-position-inline-start elementor-mobile-position-inline-start elementor-shape-circle elementor-widget elementor-widget-icon-box\" data-id=\"b5ffe23\" data-element_type=\"widget\" data-e-type=\"widget\" data-widget_type=\"icon-box.default\">\n\t\t\t\t<div class=\"elementor-widget-container\">\n\t\t\t\t\t\t\t<div class=\"elementor-icon-box-wrapper\">\n\n\t\t\t\t\t\t<div class=\"elementor-icon-box-icon\">\n\t\t\t\t<span  class=\"elementor-icon\">\n\t\t\t\t<svg xmlns=\"http:\/\/www.w3.org\/2000\/svg\" width=\"24\" height=\"24\" viewBox=\"0 0 24 24\" fill=\"none\"><g clip-path=\"url(#clip0_300_15090)\"><g clip-path=\"url(#clip1_300_15090)\"><rect x=\"12\" y=\"11\" width=\"0.01\" height=\"0.01\" stroke=\"#1364FF\" stroke-width=\"3\" stroke-linejoin=\"round\"><\/rect><path d=\"M12 22L17.5 16.5C20.5376 13.4624 20.5376 8.53757 17.5 5.5C14.4624 2.46244 9.53757 2.46244 6.5 5.5C3.46244 8.53757 3.46244 13.4624 6.5 16.5L12 22Z\" stroke=\"#1364FF\" stroke-width=\"2\" stroke-linejoin=\"round\"><\/path><\/g><\/g><defs><clipPath id=\"clip0_300_15090\"><rect width=\"24\" height=\"24\" fill=\"white\"><\/rect><\/clipPath><clipPath id=\"clip1_300_15090\"><rect width=\"24\" height=\"24\" fill=\"white\"><\/rect><\/clipPath><\/defs><\/svg>\t\t\t\t<\/span>\n\t\t\t<\/div>\n\t\t\t\n\t\t\t\t\t\t<div class=\"elementor-icon-box-content\">\n\n\t\t\t\t\t\t\t\t\t<h3 class=\"elementor-icon-box-title\">\n\t\t\t\t\t\t<span  >\n\t\t\t\t\t\t\tLocalizaci\u00f3n\t\t\t\t\t\t<\/span>\n\t\t\t\t\t<\/h3>\n\t\t\t\t\n\t\t\t\t\t\t\t\t\t<p class=\"elementor-icon-box-description\">\n\t\t\t\t\t\tC\u00e1diz, Andaluc\u00eda (Espa\u00f1a)\t\t\t\t\t<\/p>\n\t\t\t\t\n\t\t\t<\/div>\n\t\t\t\n\t\t<\/div>\n\t\t\t\t\t\t<\/div>\n\t\t\t\t<\/div>\n\t\t\t\t<\/div>\n\t\t\t\t<\/div>\n\t\t<div class=\"elementor-element elementor-element-e6db933 e-con-full e-flex e-con e-parent\" data-id=\"e6db933\" data-element_type=\"container\" data-e-type=\"container\">\n\t\t\t\t<div class=\"elementor-element elementor-element-038ea6c elementor-widget elementor-widget-google_maps\" data-id=\"038ea6c\" data-element_type=\"widget\" data-e-type=\"widget\" data-widget_type=\"google_maps.default\">\n\t\t\t\t<div class=\"elementor-widget-container\">\n\t\t\t\t\t\t\t<div class=\"elementor-custom-embed\">\n\t\t\t<iframe loading=\"lazy\"\n\t\t\t\t\tsrc=\"https:\/\/maps.google.com\/maps?q=C%C3%A1diz%2C%20Espa%C3%B1a&#038;t=m&#038;z=10&#038;output=embed&#038;iwloc=near\"\n\t\t\t\t\ttitle=\"C\u00e1diz, Espa\u00f1a\"\n\t\t\t\t\taria-label=\"C\u00e1diz, Espa\u00f1a\"\n\t\t\t><\/iframe>\n\t\t<\/div>\n\t\t\t\t\t\t<\/div>\n\t\t\t\t<\/div>\n\t\t\t\t<\/div>\n\t\t\t\t<\/div>\n\t\t","protected":false},"excerpt":{"rendered":"<p>Cont\u00e1ctenos Los campos obligatorios est\u00e1n marcados con * Tu nombre* Tu correo electr\u00f3nico* Asunto* Tu mensaje (opcional) &#916; Contacto Tel\u00e9fonos :Aurelio Fern\u00e1ndez +34 684736668 Email: pedidos@farmapain.es Horario Lunes a jueves : 9.00 am &#8211; 8.00 pm Viernes: 9.00 am &#8211; 2.00 pm Localizaci\u00f3n C\u00e1diz, Andaluc\u00eda (Espa\u00f1a)<\/p>\n","protected":false},"author":1,"featured_media":0,"parent":0,"menu_order":0,"comment_status":"closed","ping_status":"closed","template":"template-homepage.php","meta":{"_monsterinsights_skip_tracking":false,"_monsterinsights_sitenote_active":false,"_monsterinsights_sitenote_note":"","_monsterinsights_sitenote_category":0,"footnotes":""},"class_list":["post-325","page","type-page","status-publish","hentry"],"yoast_head":"<!-- This site is optimized with the Yoast SEO plugin v27.6 - https:\/\/yoast.com\/product\/yoast-seo-wordpress\/ -->\n<title>Cont\u00e1ctanos - Farmapain<\/title>\n<meta name=\"robots\" content=\"index, follow, max-snippet:-1, max-image-preview:large, max-video-preview:-1\" \/>\n<link rel=\"canonical\" href=\"https:\/\/www.farmapain.es\/index.php\/contactanos\/\" \/>\n<meta property=\"og:locale\" content=\"es_ES\" \/>\n<meta property=\"og:type\" content=\"article\" \/>\n<meta property=\"og:title\" content=\"Cont\u00e1ctanos - Farmapain\" \/>\n<meta property=\"og:description\" content=\"Cont\u00e1ctenos Los campos obligatorios est\u00e1n marcados con * Tu nombre* Tu correo electr\u00f3nico* Asunto* Tu mensaje (opcional) &#916; Contacto Tel\u00e9fonos :Aurelio Fern\u00e1ndez +34 684736668 Email: pedidos@farmapain.es Horario Lunes a jueves : 9.00 am &#8211; 8.00 pm Viernes: 9.00 am &#8211; 2.00 pm Localizaci\u00f3n C\u00e1diz, Andaluc\u00eda (Espa\u00f1a)\" \/>\n<meta property=\"og:url\" content=\"https:\/\/www.farmapain.es\/index.php\/contactanos\/\" \/>\n<meta property=\"og:site_name\" content=\"Farmapain\" \/>\n<meta property=\"article:modified_time\" content=\"2024-11-21T09:53:05+00:00\" \/>\n<meta name=\"twitter:card\" content=\"summary_large_image\" \/>\n<script type=\"application\/ld+json\" class=\"yoast-schema-graph\">{\"@context\":\"https:\\\/\\\/schema.org\",\"@graph\":[{\"@type\":\"WebPage\",\"@id\":\"https:\\\/\\\/www.farmapain.es\\\/index.php\\\/contactanos\\\/\",\"url\":\"https:\\\/\\\/www.farmapain.es\\\/index.php\\\/contactanos\\\/\",\"name\":\"Cont\u00e1ctanos - Farmapain\",\"isPartOf\":{\"@id\":\"https:\\\/\\\/www.farmapain.es\\\/#website\"},\"datePublished\":\"2024-05-27T10:01:06+00:00\",\"dateModified\":\"2024-11-21T09:53:05+00:00\",\"breadcrumb\":{\"@id\":\"https:\\\/\\\/www.farmapain.es\\\/index.php\\\/contactanos\\\/#breadcrumb\"},\"inLanguage\":\"es\",\"potentialAction\":[{\"@type\":\"ReadAction\",\"target\":[\"https:\\\/\\\/www.farmapain.es\\\/index.php\\\/contactanos\\\/\"]}]},{\"@type\":\"BreadcrumbList\",\"@id\":\"https:\\\/\\\/www.farmapain.es\\\/index.php\\\/contactanos\\\/#breadcrumb\",\"itemListElement\":[{\"@type\":\"ListItem\",\"position\":1,\"name\":\"Portada\",\"item\":\"https:\\\/\\\/www.farmapain.es\\\/\"},{\"@type\":\"ListItem\",\"position\":2,\"name\":\"Cont\u00e1ctanos\"}]},{\"@type\":\"WebSite\",\"@id\":\"https:\\\/\\\/www.farmapain.es\\\/#website\",\"url\":\"https:\\\/\\\/www.farmapain.es\\\/\",\"name\":\"Farmapain\",\"description\":\"Expertos en \u00c1cido Hialur\u00f3nico y Nutrace\u00faticos\",\"publisher\":{\"@id\":\"https:\\\/\\\/www.farmapain.es\\\/#organization\"},\"potentialAction\":[{\"@type\":\"SearchAction\",\"target\":{\"@type\":\"EntryPoint\",\"urlTemplate\":\"https:\\\/\\\/www.farmapain.es\\\/?s={search_term_string}\"},\"query-input\":{\"@type\":\"PropertyValueSpecification\",\"valueRequired\":true,\"valueName\":\"search_term_string\"}}],\"inLanguage\":\"es\"},{\"@type\":\"Organization\",\"@id\":\"https:\\\/\\\/www.farmapain.es\\\/#organization\",\"name\":\"Farmapain\",\"url\":\"https:\\\/\\\/www.farmapain.es\\\/\",\"logo\":{\"@type\":\"ImageObject\",\"inLanguage\":\"es\",\"@id\":\"https:\\\/\\\/www.farmapain.es\\\/#\\\/schema\\\/logo\\\/image\\\/\",\"url\":\"https:\\\/\\\/www.farmapain.es\\\/wp-content\\\/uploads\\\/2024\\\/08\\\/LOGOTIPO-PRESENTACION-FARMAPAIN-1.png\",\"contentUrl\":\"https:\\\/\\\/www.farmapain.es\\\/wp-content\\\/uploads\\\/2024\\\/08\\\/LOGOTIPO-PRESENTACION-FARMAPAIN-1.png\",\"width\":2000,\"height\":1400,\"caption\":\"Farmapain\"},\"image\":{\"@id\":\"https:\\\/\\\/www.farmapain.es\\\/#\\\/schema\\\/logo\\\/image\\\/\"}}]}<\/script>\n<!-- \/ Yoast SEO plugin. -->","yoast_head_json":{"title":"Cont\u00e1ctanos - Farmapain","robots":{"index":"index","follow":"follow","max-snippet":"max-snippet:-1","max-image-preview":"max-image-preview:large","max-video-preview":"max-video-preview:-1"},"canonical":"https:\/\/www.farmapain.es\/index.php\/contactanos\/","og_locale":"es_ES","og_type":"article","og_title":"Cont\u00e1ctanos - Farmapain","og_description":"Cont\u00e1ctenos Los campos obligatorios est\u00e1n marcados con * Tu nombre* Tu correo electr\u00f3nico* Asunto* Tu mensaje (opcional) &#916; Contacto Tel\u00e9fonos :Aurelio Fern\u00e1ndez +34 684736668 Email: pedidos@farmapain.es Horario Lunes a jueves : 9.00 am &#8211; 8.00 pm Viernes: 9.00 am &#8211; 2.00 pm Localizaci\u00f3n C\u00e1diz, Andaluc\u00eda (Espa\u00f1a)","og_url":"https:\/\/www.farmapain.es\/index.php\/contactanos\/","og_site_name":"Farmapain","article_modified_time":"2024-11-21T09:53:05+00:00","twitter_card":"summary_large_image","schema":{"@context":"https:\/\/schema.org","@graph":[{"@type":"WebPage","@id":"https:\/\/www.farmapain.es\/index.php\/contactanos\/","url":"https:\/\/www.farmapain.es\/index.php\/contactanos\/","name":"Cont\u00e1ctanos - Farmapain","isPartOf":{"@id":"https:\/\/www.farmapain.es\/#website"},"datePublished":"2024-05-27T10:01:06+00:00","dateModified":"2024-11-21T09:53:05+00:00","breadcrumb":{"@id":"https:\/\/www.farmapain.es\/index.php\/contactanos\/#breadcrumb"},"inLanguage":"es","potentialAction":[{"@type":"ReadAction","target":["https:\/\/www.farmapain.es\/index.php\/contactanos\/"]}]},{"@type":"BreadcrumbList","@id":"https:\/\/www.farmapain.es\/index.php\/contactanos\/#breadcrumb","itemListElement":[{"@type":"ListItem","position":1,"name":"Portada","item":"https:\/\/www.farmapain.es\/"},{"@type":"ListItem","position":2,"name":"Cont\u00e1ctanos"}]},{"@type":"WebSite","@id":"https:\/\/www.farmapain.es\/#website","url":"https:\/\/www.farmapain.es\/","name":"Farmapain","description":"Expertos en \u00c1cido Hialur\u00f3nico y Nutrace\u00faticos","publisher":{"@id":"https:\/\/www.farmapain.es\/#organization"},"potentialAction":[{"@type":"SearchAction","target":{"@type":"EntryPoint","urlTemplate":"https:\/\/www.farmapain.es\/?s={search_term_string}"},"query-input":{"@type":"PropertyValueSpecification","valueRequired":true,"valueName":"search_term_string"}}],"inLanguage":"es"},{"@type":"Organization","@id":"https:\/\/www.farmapain.es\/#organization","name":"Farmapain","url":"https:\/\/www.farmapain.es\/","logo":{"@type":"ImageObject","inLanguage":"es","@id":"https:\/\/www.farmapain.es\/#\/schema\/logo\/image\/","url":"https:\/\/www.farmapain.es\/wp-content\/uploads\/2024\/08\/LOGOTIPO-PRESENTACION-FARMAPAIN-1.png","contentUrl":"https:\/\/www.farmapain.es\/wp-content\/uploads\/2024\/08\/LOGOTIPO-PRESENTACION-FARMAPAIN-1.png","width":2000,"height":1400,"caption":"Farmapain"},"image":{"@id":"https:\/\/www.farmapain.es\/#\/schema\/logo\/image\/"}}]}},"jetpack_likes_enabled":true,"jetpack_sharing_enabled":true,"_links":{"self":[{"href":"https:\/\/www.farmapain.es\/index.php\/wp-json\/wp\/v2\/pages\/325","targetHints":{"allow":["GET"]}}],"collection":[{"href":"https:\/\/www.farmapain.es\/index.php\/wp-json\/wp\/v2\/pages"}],"about":[{"href":"https:\/\/www.farmapain.es\/index.php\/wp-json\/wp\/v2\/types\/page"}],"author":[{"embeddable":true,"href":"https:\/\/www.farmapain.es\/index.php\/wp-json\/wp\/v2\/users\/1"}],"replies":[{"embeddable":true,"href":"https:\/\/www.farmapain.es\/index.php\/wp-json\/wp\/v2\/comments?post=325"}],"version-history":[{"count":19,"href":"https:\/\/www.farmapain.es\/index.php\/wp-json\/wp\/v2\/pages\/325\/revisions"}],"predecessor-version":[{"id":2874,"href":"https:\/\/www.farmapain.es\/index.php\/wp-json\/wp\/v2\/pages\/325\/revisions\/2874"}],"wp:attachment":[{"href":"https:\/\/www.farmapain.es\/index.php\/wp-json\/wp\/v2\/media?parent=325"}],"curies":[{"name":"wp","href":"https:\/\/api.w.org\/{rel}","templated":true}]}}