{"id":311,"date":"2024-05-27T10:01:06","date_gmt":"2024-05-27T10:01:06","guid":{"rendered":"http:\/\/source.wpopal.com\/pharmo\/blog\/"},"modified":"2024-11-21T06:04:18","modified_gmt":"2024-11-21T06:04:18","slug":"blog","status":"publish","type":"page","link":"https:\/\/www.farmapain.es\/index.php\/blog\/","title":{"rendered":"Blog"},"content":{"rendered":"\t\t<div data-elementor-type=\"wp-page\" data-elementor-id=\"311\" class=\"elementor elementor-311\" data-elementor-post-type=\"page\">\n\t\t\t\t<div class=\"elementor-element elementor-element-ad9v3Zm e-flex e-con-boxed e-con e-parent\" data-id=\"ad9v3Zm\" data-element_type=\"container\" data-e-type=\"container\">\n\t\t\t\t\t<div class=\"e-con-inner\">\n\t\t<div class=\"elementor-element elementor-element-cQZ9y1k e-con-full e-flex e-con e-child\" data-id=\"cQZ9y1k\" data-element_type=\"container\" data-e-type=\"container\">\n\t\t\t\t<div class=\"elementor-element elementor-element-T8mrRmY elementor-widget elementor-widget-heading\" data-id=\"T8mrRmY\" data-element_type=\"widget\" data-e-type=\"widget\" data-widget_type=\"heading.default\">\n\t\t\t\t<div class=\"elementor-widget-container\">\n\t\t\t\t\t<h2 class=\"elementor-heading-title elementor-size-default\">Potencia tu belleza y salud interior.<\/h2>\t\t\t\t<\/div>\n\t\t\t\t<\/div>\n\t\t\t\t<div class=\"elementor-element elementor-element-gpw3IvS elementor-widget elementor-widget-heading\" data-id=\"gpw3IvS\" data-element_type=\"widget\" data-e-type=\"widget\" data-widget_type=\"heading.default\">\n\t\t\t\t<div class=\"elementor-widget-container\">\n\t\t\t\t\t<h2 class=\"elementor-heading-title elementor-size-default\">Explora los Beneficios del \u00c1cido Hialur\u00f3nico<\/h2>\t\t\t\t<\/div>\n\t\t\t\t<\/div>\n\t\t\t\t<\/div>\n\t\t\t\t<div class=\"elementor-element elementor-element-RmfJoYu elementor-grid-2 elementor-grid-tablet-2 elementor-grid-mobile-1 elementor-posts--thumbnail-top elementor-widget elementor-widget-posts\" data-id=\"RmfJoYu\" data-element_type=\"widget\" data-e-type=\"widget\" data-settings=\"{&quot;classic_columns&quot;:&quot;2&quot;,&quot;classic_columns_tablet&quot;:&quot;2&quot;,&quot;classic_columns_mobile&quot;:&quot;1&quot;,&quot;classic_row_gap&quot;:{&quot;unit&quot;:&quot;px&quot;,&quot;size&quot;:35,&quot;sizes&quot;:[]},&quot;classic_row_gap_laptop&quot;:{&quot;unit&quot;:&quot;px&quot;,&quot;size&quot;:&quot;&quot;,&quot;sizes&quot;:[]},&quot;classic_row_gap_tablet_extra&quot;:{&quot;unit&quot;:&quot;px&quot;,&quot;size&quot;:&quot;&quot;,&quot;sizes&quot;:[]},&quot;classic_row_gap_tablet&quot;:{&quot;unit&quot;:&quot;px&quot;,&quot;size&quot;:&quot;&quot;,&quot;sizes&quot;:[]},&quot;classic_row_gap_mobile_extra&quot;:{&quot;unit&quot;:&quot;px&quot;,&quot;size&quot;:&quot;&quot;,&quot;sizes&quot;:[]},&quot;classic_row_gap_mobile&quot;:{&quot;unit&quot;:&quot;px&quot;,&quot;size&quot;:&quot;&quot;,&quot;sizes&quot;:[]}}\" data-widget_type=\"posts.classic\">\n\t\t\t\t<div class=\"elementor-widget-container\">\n\t\t\t\t\t\t\t<div class=\"elementor-posts-container elementor-posts elementor-posts--skin-classic elementor-grid\">\n\t\t\t\t<article class=\"elementor-post elementor-grid-item post-2178 post type-post status-publish format-standard has-post-thumbnail hentry category-medicina tag-novedades\">\n\t\t\t\t<a class=\"elementor-post__thumbnail__link\" href=\"https:\/\/www.farmapain.es\/index.php\/2024\/05\/27\/http-www-farmapain-es-index-php-blog\/\" tabindex=\"-1\" >\n\t\t\t<div class=\"elementor-post__thumbnail\"><img fetchpriority=\"high\" decoding=\"async\" width=\"980\" height=\"638\" src=\"https:\/\/www.farmapain.es\/wp-content\/uploads\/2024\/05\/Artritis-reumatoide-1024x667.png\" class=\"attachment-large size-large wp-image-2795\" alt=\"\" srcset=\"https:\/\/www.farmapain.es\/wp-content\/uploads\/2024\/05\/Artritis-reumatoide-1024x667.png 1024w, https:\/\/www.farmapain.es\/wp-content\/uploads\/2024\/05\/Artritis-reumatoide-300x195.png 300w, https:\/\/www.farmapain.es\/wp-content\/uploads\/2024\/05\/Artritis-reumatoide-768x500.png 768w, https:\/\/www.farmapain.es\/wp-content\/uploads\/2024\/05\/Artritis-reumatoide-600x391.png 600w, https:\/\/www.farmapain.es\/wp-content\/uploads\/2024\/05\/Artritis-reumatoide.png 1290w\" sizes=\"(max-width: 980px) 100vw, 980px\" \/><\/div>\n\t\t<\/a>\n\t\t\t\t<div class=\"elementor-post__text\">\n\t\t\t\t<h3 class=\"elementor-post__title\">\n\t\t\t<a href=\"https:\/\/www.farmapain.es\/index.php\/2024\/05\/27\/http-www-farmapain-es-index-php-blog\/\" >\n\t\t\t\tLa Artritis Reumatoide: Comprendiendo y Superando la Enfermedad de las Articulaciones\t\t\t<\/a>\n\t\t<\/h3>\n\t\t\t\t<div class=\"elementor-post__meta-data\">\n\t\t\t\t\t<span class=\"elementor-post-date\">\n\t\t\t27 de mayo de 2024\t\t<\/span>\n\t\t\t\t<span class=\"elementor-post-avatar\">\n\t\t\tNo hay comentarios\t\t<\/span>\n\t\t\t\t<\/div>\n\t\t\t\t<div class=\"elementor-post__excerpt\">\n\t\t\t<p>La artritis reumatoide es una enfermedad autoinmune que causa inflamaci\u00f3n y deterioro en las articulaciones, lo que afecta a millones de personas en todo el mundo. Si bien no se conoce la causa exacta de esta enfermedad, se sabe que se debe a una combinaci\u00f3n de factores gen\u00e9ticos y ambientales.<\/p>\n\t\t<\/div>\n\t\t\n\t\t<a class=\"elementor-post__read-more\" href=\"https:\/\/www.farmapain.es\/index.php\/2024\/05\/27\/http-www-farmapain-es-index-php-blog\/\" aria-label=\"Read more about La Artritis Reumatoide: Comprendiendo y Superando la Enfermedad de las Articulaciones\" tabindex=\"-1\" >\n\t\t\tM\u00e1s Informaci\u00f3n \u00bb\t\t<\/a>\n\n\t\t\t\t<\/div>\n\t\t\t\t<\/article>\n\t\t\t\t<article class=\"elementor-post elementor-grid-item post-2177 post type-post status-publish format-standard has-post-thumbnail hentry category-acido-hialuronico-y-vitaminas category-suplemento-dietetico tag-medicina-farmacia\">\n\t\t\t\t<a class=\"elementor-post__thumbnail__link\" href=\"https:\/\/www.farmapain.es\/index.php\/2024\/05\/27\/the-role-of-pharmacists-in-patient-care\/\" tabindex=\"-1\" >\n\t\t\t<div class=\"elementor-post__thumbnail\"><img decoding=\"async\" width=\"980\" height=\"638\" src=\"https:\/\/www.farmapain.es\/wp-content\/uploads\/2024\/05\/Acido-hialuronico-1-1024x667.png\" class=\"attachment-large size-large wp-image-2773\" alt=\"\" srcset=\"https:\/\/www.farmapain.es\/wp-content\/uploads\/2024\/05\/Acido-hialuronico-1-1024x667.png 1024w, https:\/\/www.farmapain.es\/wp-content\/uploads\/2024\/05\/Acido-hialuronico-1-300x195.png 300w, https:\/\/www.farmapain.es\/wp-content\/uploads\/2024\/05\/Acido-hialuronico-1-768x500.png 768w, https:\/\/www.farmapain.es\/wp-content\/uploads\/2024\/05\/Acido-hialuronico-1-600x391.png 600w, https:\/\/www.farmapain.es\/wp-content\/uploads\/2024\/05\/Acido-hialuronico-1.png 1290w\" sizes=\"(max-width: 980px) 100vw, 980px\" \/><\/div>\n\t\t<\/a>\n\t\t\t\t<div class=\"elementor-post__text\">\n\t\t\t\t<h3 class=\"elementor-post__title\">\n\t\t\t<a href=\"https:\/\/www.farmapain.es\/index.php\/2024\/05\/27\/the-role-of-pharmacists-in-patient-care\/\" >\n\t\t\t\tEl \u00e1cido hialur\u00f3nico: el aliado natural para la salud de tus articulaciones\t\t\t<\/a>\n\t\t<\/h3>\n\t\t\t\t<div class=\"elementor-post__meta-data\">\n\t\t\t\t\t<span class=\"elementor-post-date\">\n\t\t\t27 de mayo de 2024\t\t<\/span>\n\t\t\t\t<span class=\"elementor-post-avatar\">\n\t\t\tNo hay comentarios\t\t<\/span>\n\t\t\t\t<\/div>\n\t\t\t\t<div class=\"elementor-post__excerpt\">\n\t\t\t<p>El \u00e1cido hialur\u00f3nico es un componente natural del cuerpo humano que juega un papel fundamental en la salud y el funcionamiento de las articulaciones. Este potente humectante se encuentra en el l\u00edquido sinovial, que act\u00faa como lubricante y amortiguador en las articulaciones, reduciendo la fricci\u00f3n y protegiendo el cart\u00edlago.<\/p>\n\t\t<\/div>\n\t\t\n\t\t<a class=\"elementor-post__read-more\" href=\"https:\/\/www.farmapain.es\/index.php\/2024\/05\/27\/the-role-of-pharmacists-in-patient-care\/\" aria-label=\"Read more about El \u00e1cido hialur\u00f3nico: el aliado natural para la salud de tus articulaciones\" tabindex=\"-1\" >\n\t\t\tM\u00e1s Informaci\u00f3n \u00bb\t\t<\/a>\n\n\t\t\t\t<\/div>\n\t\t\t\t<\/article>\n\t\t\t\t<article class=\"elementor-post elementor-grid-item post-2176 post type-post status-publish format-standard has-post-thumbnail hentry category-acido-hialuronico-y-vitaminas category-medicina tag-medicina-farmacia\">\n\t\t\t\t<a class=\"elementor-post__thumbnail__link\" href=\"https:\/\/www.farmapain.es\/index.php\/2024\/05\/27\/managing-chronic-conditions-how-your-pharmacy-can-help\/\" tabindex=\"-1\" >\n\t\t\t<div class=\"elementor-post__thumbnail\"><img decoding=\"async\" width=\"980\" height=\"638\" src=\"https:\/\/www.farmapain.es\/wp-content\/uploads\/2024\/05\/Geonoma-1024x667.png\" class=\"attachment-large size-large wp-image-2765\" alt=\"\" srcset=\"https:\/\/www.farmapain.es\/wp-content\/uploads\/2024\/05\/Geonoma-1024x667.png 1024w, https:\/\/www.farmapain.es\/wp-content\/uploads\/2024\/05\/Geonoma-300x195.png 300w, https:\/\/www.farmapain.es\/wp-content\/uploads\/2024\/05\/Geonoma-768x500.png 768w, https:\/\/www.farmapain.es\/wp-content\/uploads\/2024\/05\/Geonoma-600x391.png 600w, https:\/\/www.farmapain.es\/wp-content\/uploads\/2024\/05\/Geonoma.png 1290w\" sizes=\"(max-width: 980px) 100vw, 980px\" \/><\/div>\n\t\t<\/a>\n\t\t\t\t<div class=\"elementor-post__text\">\n\t\t\t\t<h3 class=\"elementor-post__title\">\n\t\t\t<a href=\"https:\/\/www.farmapain.es\/index.php\/2024\/05\/27\/managing-chronic-conditions-how-your-pharmacy-can-help\/\" >\n\t\t\t\tLos beneficios de la medicina personalizada y la gen\u00f3mica para la salud\t\t\t<\/a>\n\t\t<\/h3>\n\t\t\t\t<div class=\"elementor-post__meta-data\">\n\t\t\t\t\t<span class=\"elementor-post-date\">\n\t\t\t27 de mayo de 2024\t\t<\/span>\n\t\t\t\t<span class=\"elementor-post-avatar\">\n\t\t\tNo hay comentarios\t\t<\/span>\n\t\t\t\t<\/div>\n\t\t\t\t<div class=\"elementor-post__excerpt\">\n\t\t\t<p>La medicina personalizada y la gen\u00f3mica son campos m\u00e9dicos en constante crecimiento que han demostrado tener un gran impacto en la forma en que se enfrentan las enfermedades.A trav\u00e9s de la utilizaci\u00f3n de informaci\u00f3n gen\u00e9tica, estos campos permiten desarrollar tratamientos personalizados que se adaptan mejor a las necesidades individuales de cada paciente.En este art\u00edculo, exploraremos algunos de los beneficios clave de la medicina personalizada y la gen\u00f3mica para la salud.<\/p>\n\t\t<\/div>\n\t\t\n\t\t<a class=\"elementor-post__read-more\" href=\"https:\/\/www.farmapain.es\/index.php\/2024\/05\/27\/managing-chronic-conditions-how-your-pharmacy-can-help\/\" aria-label=\"Read more about Los beneficios de la medicina personalizada y la gen\u00f3mica para la salud\" tabindex=\"-1\" >\n\t\t\tM\u00e1s Informaci\u00f3n \u00bb\t\t<\/a>\n\n\t\t\t\t<\/div>\n\t\t\t\t<\/article>\n\t\t\t\t<article class=\"elementor-post elementor-grid-item post-2173 post type-post status-publish format-standard has-post-thumbnail hentry category-medicina tag-favoritos\">\n\t\t\t\t<a class=\"elementor-post__thumbnail__link\" href=\"https:\/\/www.farmapain.es\/index.php\/2024\/05\/27\/el-futuro-de-las-farmacias-como-la-tecnologia-esta-transformando-la-industria\/\" tabindex=\"-1\" >\n\t\t\t<div class=\"elementor-post__thumbnail\"><img loading=\"lazy\" decoding=\"async\" width=\"980\" height=\"638\" src=\"https:\/\/www.farmapain.es\/wp-content\/uploads\/2024\/05\/Farmacia-Interactiva-1-1-1024x667.png\" class=\"attachment-large size-large wp-image-2759\" alt=\"\" srcset=\"https:\/\/www.farmapain.es\/wp-content\/uploads\/2024\/05\/Farmacia-Interactiva-1-1-1024x667.png 1024w, https:\/\/www.farmapain.es\/wp-content\/uploads\/2024\/05\/Farmacia-Interactiva-1-1-300x195.png 300w, https:\/\/www.farmapain.es\/wp-content\/uploads\/2024\/05\/Farmacia-Interactiva-1-1-768x500.png 768w, https:\/\/www.farmapain.es\/wp-content\/uploads\/2024\/05\/Farmacia-Interactiva-1-1-600x391.png 600w, https:\/\/www.farmapain.es\/wp-content\/uploads\/2024\/05\/Farmacia-Interactiva-1-1.png 1290w\" sizes=\"(max-width: 980px) 100vw, 980px\" \/><\/div>\n\t\t<\/a>\n\t\t\t\t<div class=\"elementor-post__text\">\n\t\t\t\t<h3 class=\"elementor-post__title\">\n\t\t\t<a href=\"https:\/\/www.farmapain.es\/index.php\/2024\/05\/27\/el-futuro-de-las-farmacias-como-la-tecnologia-esta-transformando-la-industria\/\" >\n\t\t\t\tEl Futuro De Las Farmacias: C\u00f3mo La Tecnolog\u00eda Est\u00e1 Transformando La Industria\t\t\t<\/a>\n\t\t<\/h3>\n\t\t\t\t<div class=\"elementor-post__meta-data\">\n\t\t\t\t\t<span class=\"elementor-post-date\">\n\t\t\t27 de mayo de 2024\t\t<\/span>\n\t\t\t\t<span class=\"elementor-post-avatar\">\n\t\t\tNo hay comentarios\t\t<\/span>\n\t\t\t\t<\/div>\n\t\t\t\t<div class=\"elementor-post__excerpt\">\n\t\t\t<p>Farmacias Interactivas<\/p>\n\t\t<\/div>\n\t\t\n\t\t<a class=\"elementor-post__read-more\" href=\"https:\/\/www.farmapain.es\/index.php\/2024\/05\/27\/el-futuro-de-las-farmacias-como-la-tecnologia-esta-transformando-la-industria\/\" aria-label=\"Read more about El Futuro De Las Farmacias: C\u00f3mo La Tecnolog\u00eda Est\u00e1 Transformando La Industria\" tabindex=\"-1\" >\n\t\t\tM\u00e1s Informaci\u00f3n \u00bb\t\t<\/a>\n\n\t\t\t\t<\/div>\n\t\t\t\t<\/article>\n\t\t\t\t<\/div>\n\t\t\n\t\t\t\t\t\t<\/div>\n\t\t\t\t<\/div>\n\t\t\t\t<div class=\"elementor-element elementor-element-TWrljSz elementor-widget__width-auto elementor-align-right elementor-button-default elementor-widget elementor-widget-button\" data-id=\"TWrljSz\" data-element_type=\"widget\" data-e-type=\"widget\" data-widget_type=\"button.default\">\n\t\t\t\t<div class=\"elementor-widget-container\">\n\t\t\t\t\t\t\t\t\t<div class=\"elementor-button-wrapper\">\n\t\t\t\t\t<a class=\"elementor-button elementor-button-link elementor-size-sm\" href=\"#\">\n\t\t\t\t\t\t<span class=\"elementor-button-content-wrapper\">\n\t\t\t\t\t\t\t\t\t<span class=\"elementor-button-text\">Ver todos<\/span>\n\t\t\t\t\t<\/span>\n\t\t\t\t\t<\/a>\n\t\t\t\t<\/div>\n\t\t\t\t\t\t\t\t<\/div>\n\t\t\t\t<\/div>\n\t\t\t\t\t<\/div>\n\t\t\t\t<\/div>\n\t\t\t\t<\/div>\n\t\t","protected":false},"excerpt":{"rendered":"<p>Potencia tu belleza y salud interior. Explora los Beneficios del \u00c1cido Hialur\u00f3nico Ver todos<\/p>\n","protected":false},"author":1,"featured_media":0,"parent":0,"menu_order":0,"comment_status":"closed","ping_status":"closed","template":"","meta":{"_monsterinsights_skip_tracking":false,"_monsterinsights_sitenote_active":false,"_monsterinsights_sitenote_note":"","_monsterinsights_sitenote_category":0,"footnotes":""},"class_list":["post-311","page","type-page","status-publish","hentry"],"yoast_head":"<!-- This site is optimized with the Yoast SEO plugin v27.6 - https:\/\/yoast.com\/product\/yoast-seo-wordpress\/ -->\n<title>Blog - Farmapain<\/title>\n<meta name=\"robots\" content=\"index, follow, max-snippet:-1, max-image-preview:large, max-video-preview:-1\" \/>\n<link rel=\"canonical\" href=\"https:\/\/www.farmapain.es\/index.php\/blog\/\" \/>\n<meta property=\"og:locale\" content=\"es_ES\" \/>\n<meta property=\"og:type\" content=\"article\" \/>\n<meta property=\"og:title\" content=\"Blog - Farmapain\" \/>\n<meta property=\"og:description\" content=\"Potencia tu belleza y salud interior. Explora los Beneficios del \u00c1cido Hialur\u00f3nico Ver todos\" \/>\n<meta property=\"og:url\" content=\"https:\/\/www.farmapain.es\/index.php\/blog\/\" \/>\n<meta property=\"og:site_name\" content=\"Farmapain\" \/>\n<meta property=\"article:modified_time\" content=\"2024-11-21T06:04:18+00:00\" \/>\n<meta name=\"twitter:card\" content=\"summary_large_image\" \/>\n<script type=\"application\/ld+json\" class=\"yoast-schema-graph\">{\"@context\":\"https:\\\/\\\/schema.org\",\"@graph\":[{\"@type\":\"WebPage\",\"@id\":\"https:\\\/\\\/www.farmapain.es\\\/index.php\\\/blog\\\/\",\"url\":\"https:\\\/\\\/www.farmapain.es\\\/index.php\\\/blog\\\/\",\"name\":\"Blog - Farmapain\",\"isPartOf\":{\"@id\":\"https:\\\/\\\/www.farmapain.es\\\/#website\"},\"datePublished\":\"2024-05-27T10:01:06+00:00\",\"dateModified\":\"2024-11-21T06:04:18+00:00\",\"breadcrumb\":{\"@id\":\"https:\\\/\\\/www.farmapain.es\\\/index.php\\\/blog\\\/#breadcrumb\"},\"inLanguage\":\"es\",\"potentialAction\":[{\"@type\":\"ReadAction\",\"target\":[\"https:\\\/\\\/www.farmapain.es\\\/index.php\\\/blog\\\/\"]}]},{\"@type\":\"BreadcrumbList\",\"@id\":\"https:\\\/\\\/www.farmapain.es\\\/index.php\\\/blog\\\/#breadcrumb\",\"itemListElement\":[{\"@type\":\"ListItem\",\"position\":1,\"name\":\"Portada\",\"item\":\"https:\\\/\\\/www.farmapain.es\\\/\"},{\"@type\":\"ListItem\",\"position\":2,\"name\":\"Blog\"}]},{\"@type\":\"WebSite\",\"@id\":\"https:\\\/\\\/www.farmapain.es\\\/#website\",\"url\":\"https:\\\/\\\/www.farmapain.es\\\/\",\"name\":\"Farmapain\",\"description\":\"Expertos en \u00c1cido Hialur\u00f3nico y Nutrace\u00faticos\",\"publisher\":{\"@id\":\"https:\\\/\\\/www.farmapain.es\\\/#organization\"},\"potentialAction\":[{\"@type\":\"SearchAction\",\"target\":{\"@type\":\"EntryPoint\",\"urlTemplate\":\"https:\\\/\\\/www.farmapain.es\\\/?s={search_term_string}\"},\"query-input\":{\"@type\":\"PropertyValueSpecification\",\"valueRequired\":true,\"valueName\":\"search_term_string\"}}],\"inLanguage\":\"es\"},{\"@type\":\"Organization\",\"@id\":\"https:\\\/\\\/www.farmapain.es\\\/#organization\",\"name\":\"Farmapain\",\"url\":\"https:\\\/\\\/www.farmapain.es\\\/\",\"logo\":{\"@type\":\"ImageObject\",\"inLanguage\":\"es\",\"@id\":\"https:\\\/\\\/www.farmapain.es\\\/#\\\/schema\\\/logo\\\/image\\\/\",\"url\":\"https:\\\/\\\/www.farmapain.es\\\/wp-content\\\/uploads\\\/2024\\\/08\\\/LOGOTIPO-PRESENTACION-FARMAPAIN-1.png\",\"contentUrl\":\"https:\\\/\\\/www.farmapain.es\\\/wp-content\\\/uploads\\\/2024\\\/08\\\/LOGOTIPO-PRESENTACION-FARMAPAIN-1.png\",\"width\":2000,\"height\":1400,\"caption\":\"Farmapain\"},\"image\":{\"@id\":\"https:\\\/\\\/www.farmapain.es\\\/#\\\/schema\\\/logo\\\/image\\\/\"}}]}<\/script>\n<!-- \/ Yoast SEO plugin. -->","yoast_head_json":{"title":"Blog - Farmapain","robots":{"index":"index","follow":"follow","max-snippet":"max-snippet:-1","max-image-preview":"max-image-preview:large","max-video-preview":"max-video-preview:-1"},"canonical":"https:\/\/www.farmapain.es\/index.php\/blog\/","og_locale":"es_ES","og_type":"article","og_title":"Blog - Farmapain","og_description":"Potencia tu belleza y salud interior. Explora los Beneficios del \u00c1cido Hialur\u00f3nico Ver todos","og_url":"https:\/\/www.farmapain.es\/index.php\/blog\/","og_site_name":"Farmapain","article_modified_time":"2024-11-21T06:04:18+00:00","twitter_card":"summary_large_image","schema":{"@context":"https:\/\/schema.org","@graph":[{"@type":"WebPage","@id":"https:\/\/www.farmapain.es\/index.php\/blog\/","url":"https:\/\/www.farmapain.es\/index.php\/blog\/","name":"Blog - Farmapain","isPartOf":{"@id":"https:\/\/www.farmapain.es\/#website"},"datePublished":"2024-05-27T10:01:06+00:00","dateModified":"2024-11-21T06:04:18+00:00","breadcrumb":{"@id":"https:\/\/www.farmapain.es\/index.php\/blog\/#breadcrumb"},"inLanguage":"es","potentialAction":[{"@type":"ReadAction","target":["https:\/\/www.farmapain.es\/index.php\/blog\/"]}]},{"@type":"BreadcrumbList","@id":"https:\/\/www.farmapain.es\/index.php\/blog\/#breadcrumb","itemListElement":[{"@type":"ListItem","position":1,"name":"Portada","item":"https:\/\/www.farmapain.es\/"},{"@type":"ListItem","position":2,"name":"Blog"}]},{"@type":"WebSite","@id":"https:\/\/www.farmapain.es\/#website","url":"https:\/\/www.farmapain.es\/","name":"Farmapain","description":"Expertos en \u00c1cido Hialur\u00f3nico y Nutrace\u00faticos","publisher":{"@id":"https:\/\/www.farmapain.es\/#organization"},"potentialAction":[{"@type":"SearchAction","target":{"@type":"EntryPoint","urlTemplate":"https:\/\/www.farmapain.es\/?s={search_term_string}"},"query-input":{"@type":"PropertyValueSpecification","valueRequired":true,"valueName":"search_term_string"}}],"inLanguage":"es"},{"@type":"Organization","@id":"https:\/\/www.farmapain.es\/#organization","name":"Farmapain","url":"https:\/\/www.farmapain.es\/","logo":{"@type":"ImageObject","inLanguage":"es","@id":"https:\/\/www.farmapain.es\/#\/schema\/logo\/image\/","url":"https:\/\/www.farmapain.es\/wp-content\/uploads\/2024\/08\/LOGOTIPO-PRESENTACION-FARMAPAIN-1.png","contentUrl":"https:\/\/www.farmapain.es\/wp-content\/uploads\/2024\/08\/LOGOTIPO-PRESENTACION-FARMAPAIN-1.png","width":2000,"height":1400,"caption":"Farmapain"},"image":{"@id":"https:\/\/www.farmapain.es\/#\/schema\/logo\/image\/"}}]}},"jetpack_likes_enabled":true,"jetpack_sharing_enabled":true,"_links":{"self":[{"href":"https:\/\/www.farmapain.es\/index.php\/wp-json\/wp\/v2\/pages\/311","targetHints":{"allow":["GET"]}}],"collection":[{"href":"https:\/\/www.farmapain.es\/index.php\/wp-json\/wp\/v2\/pages"}],"about":[{"href":"https:\/\/www.farmapain.es\/index.php\/wp-json\/wp\/v2\/types\/page"}],"author":[{"embeddable":true,"href":"https:\/\/www.farmapain.es\/index.php\/wp-json\/wp\/v2\/users\/1"}],"replies":[{"embeddable":true,"href":"https:\/\/www.farmapain.es\/index.php\/wp-json\/wp\/v2\/comments?post=311"}],"version-history":[{"count":9,"href":"https:\/\/www.farmapain.es\/index.php\/wp-json\/wp\/v2\/pages\/311\/revisions"}],"predecessor-version":[{"id":2861,"href":"https:\/\/www.farmapain.es\/index.php\/wp-json\/wp\/v2\/pages\/311\/revisions\/2861"}],"wp:attachment":[{"href":"https:\/\/www.farmapain.es\/index.php\/wp-json\/wp\/v2\/media?parent=311"}],"curies":[{"name":"wp","href":"https:\/\/api.w.org\/{rel}","templated":true}]}}