{"id":2875,"date":"2024-11-21T11:43:50","date_gmt":"2024-11-21T11:43:50","guid":{"rendered":"https:\/\/www.farmapain.es\/index.php\/wishlist\/"},"modified":"2024-11-21T11:43:50","modified_gmt":"2024-11-21T11:43:50","slug":"wishlist","status":"publish","type":"page","link":"https:\/\/www.farmapain.es\/index.php\/wishlist\/","title":{"rendered":"Lista de Deseos"},"content":{"rendered":"<div class=\"woosw-list\"><table class=\"woosw-items\" data-key=\"WOOSW\"><tr class=\"woosw-item woosw-item-263\" data-id=\"263\" data-name=\"Biolevox Complex\" data-note=\"\"><td class=\"woosw-item--image\"><a  href=\"https:\/\/www.farmapain.es\/index.php\/producto\/biolevox-complex-bis\/\" ><img fetchpriority=\"high\" decoding=\"async\" width=\"300\" height=\"300\" src=\"https:\/\/www.farmapain.es\/wp-content\/uploads\/2024\/05\/WhatsApp-Image-2026-01-13-at-09.03.49-300x300.jpeg\" class=\"attachment-woocommerce_thumbnail size-woocommerce_thumbnail\" alt=\"Biolevox Complex\" \/><\/a><\/td><td class=\"woosw-item--info\"><div class=\"woosw-item--name\"><a  href=\"https:\/\/www.farmapain.es\/index.php\/producto\/biolevox-complex-bis\/\" >Biolevox Complex<\/a><\/div><div class=\"woosw-item--price\"><span class=\"woocommerce-Price-amount amount\">45,00&nbsp;<span class=\"woocommerce-Price-currencySymbol\">&euro;<\/span><\/span><\/div><div class=\"woosw-item--time\">18 de febrero de 2025<\/div><\/td><td class=\"woosw-item--actions\"><div class=\"woosw-item--stock\"><\/div><div class=\"woosw-item--atc\"><p class=\"product woocommerce add_to_cart_inline \" style=\"\"><div class=\"add_to_cart\"> <a href=\"\/index.php\/wp-json\/wp\/v2\/pages\/2875?add-to-cart=263\" data-quantity=\"1\" class=\"button product_type_simple add_to_cart_button ajax_add_to_cart\" data-product_id=\"263\" data-product_sku=\"Biolevox-Complex-Bis\" aria-label=\"A\u00f1adir al carrito: &ldquo;Biolevox Complex&rdquo;\" rel=\"nofollow\" data-success_message=\"\u00abBiolevox Complex\u00bb se ha a\u00f1adido a tu carrito\"><span>A\u00f1adir al carrito<\/span><\/a><\/div><\/p><\/div><\/td><\/tr><\/table><div class=\"woosw-actions\"><div class=\"woosw-copy\"><span class=\"woosw-copy-label\">Enlace a la lista de deseos:<\/span><span class=\"woosw-copy-url\"><input id=\"woosw_copy_url\" type=\"url\" value=\"https:\/\/www.farmapain.es\/index.php\/wishlist\/WOOSW\" readonly\/><\/span><span class=\"woosw-copy-btn\"><button id=\"woosw_copy_btn\" type=\"button\" class=\"button\">Copiar<\/button><\/span><\/div><!-- \/woosw-copy --><\/div><!-- \/woosw-actions --><\/div><!-- \/woosw-list -->\n","protected":false},"excerpt":{"rendered":"","protected":false},"author":1,"featured_media":0,"parent":0,"menu_order":0,"comment_status":"closed","ping_status":"closed","template":"","meta":{"_monsterinsights_skip_tracking":false,"_monsterinsights_sitenote_active":false,"_monsterinsights_sitenote_note":"","_monsterinsights_sitenote_category":0,"footnotes":""},"class_list":["post-2875","page","type-page","status-publish","hentry"],"yoast_head":"<!-- This site is optimized with the Yoast SEO plugin v27.6 - https:\/\/yoast.com\/product\/yoast-seo-wordpress\/ -->\n<title>Lista de Deseos - Farmapain<\/title>\n<meta name=\"robots\" content=\"index, follow, max-snippet:-1, max-image-preview:large, max-video-preview:-1\" \/>\n<link rel=\"canonical\" href=\"https:\/\/www.farmapain.es\/index.php\/wishlist\/\" \/>\n<meta property=\"og:locale\" content=\"es_ES\" \/>\n<meta property=\"og:type\" content=\"article\" \/>\n<meta property=\"og:title\" content=\"Lista de Deseos - Farmapain\" \/>\n<meta property=\"og:url\" content=\"https:\/\/www.farmapain.es\/index.php\/wishlist\/\" \/>\n<meta property=\"og:site_name\" content=\"Farmapain\" \/>\n<meta name=\"twitter:card\" content=\"summary_large_image\" \/>\n<script type=\"application\/ld+json\" class=\"yoast-schema-graph\">{\"@context\":\"https:\\\/\\\/schema.org\",\"@graph\":[{\"@type\":\"WebPage\",\"@id\":\"https:\\\/\\\/www.farmapain.es\\\/index.php\\\/wishlist\\\/\",\"url\":\"https:\\\/\\\/www.farmapain.es\\\/index.php\\\/wishlist\\\/\",\"name\":\"Lista de Deseos - Farmapain\",\"isPartOf\":{\"@id\":\"https:\\\/\\\/www.farmapain.es\\\/#website\"},\"datePublished\":\"2024-11-21T11:43:50+00:00\",\"breadcrumb\":{\"@id\":\"https:\\\/\\\/www.farmapain.es\\\/index.php\\\/wishlist\\\/#breadcrumb\"},\"inLanguage\":\"es\",\"potentialAction\":[{\"@type\":\"ReadAction\",\"target\":[\"https:\\\/\\\/www.farmapain.es\\\/index.php\\\/wishlist\\\/\"]}]},{\"@type\":\"BreadcrumbList\",\"@id\":\"https:\\\/\\\/www.farmapain.es\\\/index.php\\\/wishlist\\\/#breadcrumb\",\"itemListElement\":[{\"@type\":\"ListItem\",\"position\":1,\"name\":\"Portada\",\"item\":\"https:\\\/\\\/www.farmapain.es\\\/\"},{\"@type\":\"ListItem\",\"position\":2,\"name\":\"Lista de Deseos\"}]},{\"@type\":\"WebSite\",\"@id\":\"https:\\\/\\\/www.farmapain.es\\\/#website\",\"url\":\"https:\\\/\\\/www.farmapain.es\\\/\",\"name\":\"Farmapain\",\"description\":\"Expertos en \u00c1cido Hialur\u00f3nico y Nutrace\u00faticos\",\"publisher\":{\"@id\":\"https:\\\/\\\/www.farmapain.es\\\/#organization\"},\"potentialAction\":[{\"@type\":\"SearchAction\",\"target\":{\"@type\":\"EntryPoint\",\"urlTemplate\":\"https:\\\/\\\/www.farmapain.es\\\/?s={search_term_string}\"},\"query-input\":{\"@type\":\"PropertyValueSpecification\",\"valueRequired\":true,\"valueName\":\"search_term_string\"}}],\"inLanguage\":\"es\"},{\"@type\":\"Organization\",\"@id\":\"https:\\\/\\\/www.farmapain.es\\\/#organization\",\"name\":\"Farmapain\",\"url\":\"https:\\\/\\\/www.farmapain.es\\\/\",\"logo\":{\"@type\":\"ImageObject\",\"inLanguage\":\"es\",\"@id\":\"https:\\\/\\\/www.farmapain.es\\\/#\\\/schema\\\/logo\\\/image\\\/\",\"url\":\"https:\\\/\\\/www.farmapain.es\\\/wp-content\\\/uploads\\\/2024\\\/08\\\/LOGOTIPO-PRESENTACION-FARMAPAIN-1.png\",\"contentUrl\":\"https:\\\/\\\/www.farmapain.es\\\/wp-content\\\/uploads\\\/2024\\\/08\\\/LOGOTIPO-PRESENTACION-FARMAPAIN-1.png\",\"width\":2000,\"height\":1400,\"caption\":\"Farmapain\"},\"image\":{\"@id\":\"https:\\\/\\\/www.farmapain.es\\\/#\\\/schema\\\/logo\\\/image\\\/\"}}]}<\/script>\n<!-- \/ Yoast SEO plugin. -->","yoast_head_json":{"title":"Lista de Deseos - Farmapain","robots":{"index":"index","follow":"follow","max-snippet":"max-snippet:-1","max-image-preview":"max-image-preview:large","max-video-preview":"max-video-preview:-1"},"canonical":"https:\/\/www.farmapain.es\/index.php\/wishlist\/","og_locale":"es_ES","og_type":"article","og_title":"Lista de Deseos - Farmapain","og_url":"https:\/\/www.farmapain.es\/index.php\/wishlist\/","og_site_name":"Farmapain","twitter_card":"summary_large_image","schema":{"@context":"https:\/\/schema.org","@graph":[{"@type":"WebPage","@id":"https:\/\/www.farmapain.es\/index.php\/wishlist\/","url":"https:\/\/www.farmapain.es\/index.php\/wishlist\/","name":"Lista de Deseos - Farmapain","isPartOf":{"@id":"https:\/\/www.farmapain.es\/#website"},"datePublished":"2024-11-21T11:43:50+00:00","breadcrumb":{"@id":"https:\/\/www.farmapain.es\/index.php\/wishlist\/#breadcrumb"},"inLanguage":"es","potentialAction":[{"@type":"ReadAction","target":["https:\/\/www.farmapain.es\/index.php\/wishlist\/"]}]},{"@type":"BreadcrumbList","@id":"https:\/\/www.farmapain.es\/index.php\/wishlist\/#breadcrumb","itemListElement":[{"@type":"ListItem","position":1,"name":"Portada","item":"https:\/\/www.farmapain.es\/"},{"@type":"ListItem","position":2,"name":"Lista de Deseos"}]},{"@type":"WebSite","@id":"https:\/\/www.farmapain.es\/#website","url":"https:\/\/www.farmapain.es\/","name":"Farmapain","description":"Expertos en \u00c1cido Hialur\u00f3nico y Nutrace\u00faticos","publisher":{"@id":"https:\/\/www.farmapain.es\/#organization"},"potentialAction":[{"@type":"SearchAction","target":{"@type":"EntryPoint","urlTemplate":"https:\/\/www.farmapain.es\/?s={search_term_string}"},"query-input":{"@type":"PropertyValueSpecification","valueRequired":true,"valueName":"search_term_string"}}],"inLanguage":"es"},{"@type":"Organization","@id":"https:\/\/www.farmapain.es\/#organization","name":"Farmapain","url":"https:\/\/www.farmapain.es\/","logo":{"@type":"ImageObject","inLanguage":"es","@id":"https:\/\/www.farmapain.es\/#\/schema\/logo\/image\/","url":"https:\/\/www.farmapain.es\/wp-content\/uploads\/2024\/08\/LOGOTIPO-PRESENTACION-FARMAPAIN-1.png","contentUrl":"https:\/\/www.farmapain.es\/wp-content\/uploads\/2024\/08\/LOGOTIPO-PRESENTACION-FARMAPAIN-1.png","width":2000,"height":1400,"caption":"Farmapain"},"image":{"@id":"https:\/\/www.farmapain.es\/#\/schema\/logo\/image\/"}}]}},"jetpack_likes_enabled":true,"jetpack_sharing_enabled":true,"_links":{"self":[{"href":"https:\/\/www.farmapain.es\/index.php\/wp-json\/wp\/v2\/pages\/2875","targetHints":{"allow":["GET"]}}],"collection":[{"href":"https:\/\/www.farmapain.es\/index.php\/wp-json\/wp\/v2\/pages"}],"about":[{"href":"https:\/\/www.farmapain.es\/index.php\/wp-json\/wp\/v2\/types\/page"}],"author":[{"embeddable":true,"href":"https:\/\/www.farmapain.es\/index.php\/wp-json\/wp\/v2\/users\/1"}],"replies":[{"embeddable":true,"href":"https:\/\/www.farmapain.es\/index.php\/wp-json\/wp\/v2\/comments?post=2875"}],"version-history":[{"count":0,"href":"https:\/\/www.farmapain.es\/index.php\/wp-json\/wp\/v2\/pages\/2875\/revisions"}],"wp:attachment":[{"href":"https:\/\/www.farmapain.es\/index.php\/wp-json\/wp\/v2\/media?parent=2875"}],"curies":[{"name":"wp","href":"https:\/\/api.w.org\/{rel}","templated":true}]}}